



{"id":91,"date":"2015-01-20T07:01:00","date_gmt":"2015-01-20T07:01:00","guid":{"rendered":"http:\/\/verningespejderne.gruppesite.dk\/?page_id=91"},"modified":"2024-01-19T11:04:58","modified_gmt":"2024-01-19T11:04:58","slug":"17-23-aarige","status":"publish","type":"page","link":"https:\/\/verningespejderne.gruppesite.dk\/?page_id=91","title":{"rendered":"17-23 \u00c5rige"},"content":{"rendered":"<h2><strong>&nbsp;<\/strong><\/h2>\n<p>Verningespejdernes klan KATAKYE best\u00e5r af de \u00e6ldste spejdere og ledere.<\/p>\n<p>Vi arrangerer vores egne ture og m\u00f8der, men m\u00f8des fast hver den tredje torsdag i m\u00e5neden, og deltager ogs\u00e5 i gruppens yderlige aktiviteter, vi var fx med p\u00e5 troppen sommerlejr til Norge og har v\u00e6ret p\u00e5 vinterfjeldtur i uge 5 hvor den stod p\u00e5 oplevelser i det snekl\u00e6dte landskab og overnatning i telt i sneen.<\/p>\n<p>Klik jer ind p\u00e5 vores kalender, hvor i kan se hvad vi laver\/planl\u00e6gger, og se hvorn\u00e5r vi har vores n\u00e6ste m\u00f8de. I er ogs\u00e5 meget velkomne til at kontakte os for n\u00e6rmere info.<\/p>\n<p>I er selvf\u00f8lgelig velkommen til at komme til vores m\u00f8der, for at se hvad klan laver eller hvis i selv har lyst til at blive en del af Klanen, alle er velkommen.<\/p>\n<pre><code><a href=\"http:\/\/verningespejderne.gruppesite.dk\/wp-content\/uploads\/sites\/95\/2015\/01\/IMG_3315.jpg\"><img loading=\"lazy\" decoding=\"async\" width=\"300\" height=\"200\" class=\"alignnone size-medium wp-image-1108\" alt=\"\" src=\"http:\/\/verningespejderne.gruppesite.dk\/wp-content\/uploads\/sites\/95\/2015\/01\/IMG_3315-300x200.jpg\" srcset=\"https:\/\/verningespejderne.gruppesite.dk\/wp-content\/uploads\/sites\/95\/2015\/01\/IMG_3315-300x200.jpg 300w, https:\/\/verningespejderne.gruppesite.dk\/wp-content\/uploads\/sites\/95\/2015\/01\/IMG_3315-768x512.jpg 768w, https:\/\/verningespejderne.gruppesite.dk\/wp-content\/uploads\/sites\/95\/2015\/01\/IMG_3315-1024x683.jpg 1024w\" sizes=\"auto, (max-width: 300px) 100vw, 300px\" \/><\/a> <a href=\"http:\/\/verningespejderne.gruppesite.dk\/wp-content\/uploads\/sites\/95\/2015\/01\/IMG_3355.jpg\"><img loading=\"lazy\" decoding=\"async\" width=\"300\" height=\"200\" class=\"alignnone size-medium wp-image-1110\" alt=\"\" src=\"http:\/\/verningespejderne.gruppesite.dk\/wp-content\/uploads\/sites\/95\/2015\/01\/IMG_3355-300x200.jpg\" srcset=\"https:\/\/verningespejderne.gruppesite.dk\/wp-content\/uploads\/sites\/95\/2015\/01\/IMG_3355-300x200.jpg 300w, https:\/\/verningespejderne.gruppesite.dk\/wp-content\/uploads\/sites\/95\/2015\/01\/IMG_3355-768x512.jpg 768w, https:\/\/verningespejderne.gruppesite.dk\/wp-content\/uploads\/sites\/95\/2015\/01\/IMG_3355-1024x683.jpg 1024w\" sizes=\"auto, (max-width: 300px) 100vw, 300px\" \/><\/a> <\/code><\/pre>\n\n\n<div class=\"wp-block-buttons is-layout-flex wp-block-buttons-is-layout-flex\">\n<div class=\"wp-block-button\"><a class=\"wp-block-button__link wp-element-button\" href=\"https:\/\/motivu.dk\/klubber\/19846\/dashboard\/tryouts\/8748\/edit\" target=\"_blank\" rel=\"noreferrer noopener\">Tilmeld dig en gratis pr\u00f8vetime<\/a><\/div>\n<\/div>\n","protected":false},"excerpt":{"rendered":"<p>&nbsp; Verningespejdernes klan KATAKYE best\u00e5r af de \u00e6ldste spejdere og ledere. Vi arrangerer vores egne ture og m\u00f8der, men m\u00f8des..<\/p>\n","protected":false},"author":175,"featured_media":0,"parent":62,"menu_order":5,"comment_status":"closed","ping_status":"closed","template":"template\/template_enhed.php","meta":{"ngg_post_thumbnail":0,"footnotes":""},"class_list":["post-91","page","type-page","status-publish","hentry"],"_links":{"self":[{"href":"https:\/\/verningespejderne.gruppesite.dk\/index.php?rest_route=\/wp\/v2\/pages\/91","targetHints":{"allow":["GET"]}}],"collection":[{"href":"https:\/\/verningespejderne.gruppesite.dk\/index.php?rest_route=\/wp\/v2\/pages"}],"about":[{"href":"https:\/\/verningespejderne.gruppesite.dk\/index.php?rest_route=\/wp\/v2\/types\/page"}],"author":[{"embeddable":true,"href":"https:\/\/verningespejderne.gruppesite.dk\/index.php?rest_route=\/wp\/v2\/users\/175"}],"replies":[{"embeddable":true,"href":"https:\/\/verningespejderne.gruppesite.dk\/index.php?rest_route=%2Fwp%2Fv2%2Fcomments&post=91"}],"version-history":[{"count":7,"href":"https:\/\/verningespejderne.gruppesite.dk\/index.php?rest_route=\/wp\/v2\/pages\/91\/revisions"}],"predecessor-version":[{"id":4766,"href":"https:\/\/verningespejderne.gruppesite.dk\/index.php?rest_route=\/wp\/v2\/pages\/91\/revisions\/4766"}],"up":[{"embeddable":true,"href":"https:\/\/verningespejderne.gruppesite.dk\/index.php?rest_route=\/wp\/v2\/pages\/62"}],"wp:attachment":[{"href":"https:\/\/verningespejderne.gruppesite.dk\/index.php?rest_route=%2Fwp%2Fv2%2Fmedia&parent=91"}],"curies":[{"name":"wp","href":"https:\/\/api.w.org\/{rel}","templated":true}]}}