



{"id":85,"date":"2015-01-20T06:58:11","date_gmt":"2015-01-20T06:58:11","guid":{"rendered":"http:\/\/verningespejderne.gruppesite.dk\/?page_id=85"},"modified":"2024-03-13T09:41:52","modified_gmt":"2024-03-13T09:41:52","slug":"juniorerne","status":"publish","type":"page","link":"https:\/\/verningespejderne.gruppesite.dk\/?page_id=85","title":{"rendered":"Juniorerne"},"content":{"rendered":"<nav id=\"nav\" class=\"left1 leftbigger\">\n<div class=\"moduletable\">\n<div class=\"userdata\">\n<div id=\"form-login-submit\" class=\"control-group\">&nbsp;<\/div>\n<p><a href=\"http:\/\/verningespejderne.gruppesite.dk\/wp-content\/uploads\/sites\/95\/2014\/10\/junior_net.gif\"><img loading=\"lazy\" decoding=\"async\" class=\"alignnone wp-image-203\" src=\"http:\/\/verningespejderne.gruppesite.dk\/wp-content\/uploads\/sites\/95\/2014\/10\/junior_net.gif\" alt=\"junior_net\" width=\"150\" height=\"97\"><\/a><\/p>\n<\/div>\n<\/div>\n<\/nav>\n<div id=\"wrapper2\">\n<div id=\"main\">\n<article class=\"item-page\">Patruljer, samarbejde, b\u00e5l, kanoture, bygge med rafter og lege med de store en gang om m\u00e5neden er det en Junior laver.En junior g\u00e5r i 4. eller 5. klasse og m\u00f8des ved spejderhytten hver tirsdag kl. 18.30-20.30Kom ud og m\u00e6rk naturen og sammenholdet. Som junior deltager man i turneringer og m\u00f8der andre juniorer fra hele Fyn.<\/article>\n<article class=\"item-page\">Kom ud og se hvad vi laver!Find kontakt-info under menupunktet &#8220;Gruppen\/kontakt&#8221; Eller kontak:<\/article>\n<article><\/article>\n<article class=\"item-page\">\n<h1><span class=\"o_field_char o_field_widget o_quick_editable o_readonly_modifier oe_read_only\" title=\"\" data-original-title=\"\">Martin johan Svendsen mjsvendsen@live.com 24256847<\/span><\/h1>\n&nbsp;&nbsp;<\/article>\n<article class=\"item-page\">\n<p>Vi Ses!<\/p>\n<\/article>\n<p>&nbsp;<\/p>\n<\/div>\n<\/div>\n\n\n<div class=\"wp-block-buttons is-layout-flex wp-block-buttons-is-layout-flex\">\n<div class=\"wp-block-button\"><a class=\"wp-block-button__link wp-element-button\" href=\"https:\/\/motivu.dk\/klubber\/19846\/dashboard\/tryouts\/8746\/edit\" target=\"_blank\" rel=\"noreferrer noopener\">Tilmeld dig en gratis pr\u00f8vetime<\/a><\/div>\n<\/div>\n","protected":false},"excerpt":{"rendered":"<p>&nbsp; Patruljer, samarbejde, b\u00e5l, kanoture, bygge med rafter og lege med de store en gang om m\u00e5neden er det en..<\/p>\n","protected":false},"author":175,"featured_media":0,"parent":62,"menu_order":3,"comment_status":"closed","ping_status":"closed","template":"template\/template_enhed.php","meta":{"ngg_post_thumbnail":0,"footnotes":""},"class_list":["post-85","page","type-page","status-publish","hentry"],"_links":{"self":[{"href":"https:\/\/verningespejderne.gruppesite.dk\/index.php?rest_route=\/wp\/v2\/pages\/85","targetHints":{"allow":["GET"]}}],"collection":[{"href":"https:\/\/verningespejderne.gruppesite.dk\/index.php?rest_route=\/wp\/v2\/pages"}],"about":[{"href":"https:\/\/verningespejderne.gruppesite.dk\/index.php?rest_route=\/wp\/v2\/types\/page"}],"author":[{"embeddable":true,"href":"https:\/\/verningespejderne.gruppesite.dk\/index.php?rest_route=\/wp\/v2\/users\/175"}],"replies":[{"embeddable":true,"href":"https:\/\/verningespejderne.gruppesite.dk\/index.php?rest_route=%2Fwp%2Fv2%2Fcomments&post=85"}],"version-history":[{"count":10,"href":"https:\/\/verningespejderne.gruppesite.dk\/index.php?rest_route=\/wp\/v2\/pages\/85\/revisions"}],"predecessor-version":[{"id":4825,"href":"https:\/\/verningespejderne.gruppesite.dk\/index.php?rest_route=\/wp\/v2\/pages\/85\/revisions\/4825"}],"up":[{"embeddable":true,"href":"https:\/\/verningespejderne.gruppesite.dk\/index.php?rest_route=\/wp\/v2\/pages\/62"}],"wp:attachment":[{"href":"https:\/\/verningespejderne.gruppesite.dk\/index.php?rest_route=%2Fwp%2Fv2%2Fmedia&parent=85"}],"curies":[{"name":"wp","href":"https:\/\/api.w.org\/{rel}","templated":true}]}}