



{"id":83,"date":"2015-01-20T06:57:11","date_gmt":"2015-01-20T06:57:11","guid":{"rendered":"http:\/\/verningespejderne.gruppesite.dk\/?page_id=83"},"modified":"2024-03-13T09:40:10","modified_gmt":"2024-03-13T09:40:10","slug":"baeverne","status":"publish","type":"page","link":"https:\/\/verningespejderne.gruppesite.dk\/?page_id=83","title":{"rendered":"B\u00e6verne"},"content":{"rendered":"<p><a href=\"http:\/\/verningespejderne.gruppesite.dk\/wp-content\/uploads\/sites\/95\/2014\/10\/baever_net.gif\"><img loading=\"lazy\" decoding=\"async\" class=\"alignnone wp-image-196\" src=\"http:\/\/verningespejderne.gruppesite.dk\/wp-content\/uploads\/sites\/95\/2014\/10\/baever_net.gif\" alt=\"baever_net\" width=\"150\" height=\"97\"><\/a><\/p>\n<p>B\u00e6verne leger og har det rigtig sjovt.<\/p>\n<p>En b\u00e6ver g\u00e5r i 0. eller 1. klasse. (nye b\u00e6vere er velkommen efter p\u00e5ske hvis de skal starte skole til sommer)<\/p>\n<p>Hos b\u00e6verne l\u00e6rer man om at arbejde sammen, hj\u00e6lpe hinanden og klare sig selv en lille smule.<\/p>\n<p>De voksne b\u00e6vere er sjove og klar til sjov og spas hver eneste uge.<\/p>\n<p>B\u00e6verne m\u00f8des hver tirsdag kl. 17.00-18.45<\/p>\n<p>Vi ses i B\u00e6verdammen!<\/p>\n<h1><span class=\"o_field_char o_field_widget o_quick_editable o_readonly_modifier oe_read_only\" title=\"\" data-original-title=\"\">Inge Marie Pihl <a id=\"o_field_input_97\" href=\"mailto:ingepihl@hotmail.dk\">ingepihl@hotmail.dk<\/a> <a id=\"o_field_input_98\" href=\"tel:93202611\">93202611<\/a><\/span><\/h1>\n\n\n<div class=\"wp-block-buttons is-layout-flex wp-block-buttons-is-layout-flex\">\n<div class=\"wp-block-button\"><a class=\"wp-block-button__link wp-element-button\" href=\"https:\/\/motivu.dk\/klubber\/19846\/kfum-spejderne-verninge\/traeninger\/8745\/baeverne-ulvene-0-3-klasse\" target=\"_blank\" rel=\"noreferrer noopener\">Tilmeld dig en gratis pr\u00f8vetime<\/a><\/div>\n<\/div>\n","protected":false},"excerpt":{"rendered":"<p>B\u00e6verne leger og har det rigtig sjovt. En b\u00e6ver g\u00e5r i 0. eller 1. klasse. (nye b\u00e6vere er velkommen efter..<\/p>\n","protected":false},"author":175,"featured_media":0,"parent":62,"menu_order":1,"comment_status":"closed","ping_status":"closed","template":"template\/template_enhed.php","meta":{"ngg_post_thumbnail":0,"footnotes":""},"class_list":["post-83","page","type-page","status-publish","hentry"],"_links":{"self":[{"href":"https:\/\/verningespejderne.gruppesite.dk\/index.php?rest_route=\/wp\/v2\/pages\/83","targetHints":{"allow":["GET"]}}],"collection":[{"href":"https:\/\/verningespejderne.gruppesite.dk\/index.php?rest_route=\/wp\/v2\/pages"}],"about":[{"href":"https:\/\/verningespejderne.gruppesite.dk\/index.php?rest_route=\/wp\/v2\/types\/page"}],"author":[{"embeddable":true,"href":"https:\/\/verningespejderne.gruppesite.dk\/index.php?rest_route=\/wp\/v2\/users\/175"}],"replies":[{"embeddable":true,"href":"https:\/\/verningespejderne.gruppesite.dk\/index.php?rest_route=%2Fwp%2Fv2%2Fcomments&post=83"}],"version-history":[{"count":16,"href":"https:\/\/verningespejderne.gruppesite.dk\/index.php?rest_route=\/wp\/v2\/pages\/83\/revisions"}],"predecessor-version":[{"id":4823,"href":"https:\/\/verningespejderne.gruppesite.dk\/index.php?rest_route=\/wp\/v2\/pages\/83\/revisions\/4823"}],"up":[{"embeddable":true,"href":"https:\/\/verningespejderne.gruppesite.dk\/index.php?rest_route=\/wp\/v2\/pages\/62"}],"wp:attachment":[{"href":"https:\/\/verningespejderne.gruppesite.dk\/index.php?rest_route=%2Fwp%2Fv2%2Fmedia&parent=83"}],"curies":[{"name":"wp","href":"https:\/\/api.w.org\/{rel}","templated":true}]}}