



{"id":73,"date":"2015-01-03T22:20:22","date_gmt":"2015-01-03T22:20:22","guid":{"rendered":"http:\/\/xml.gruppesite.dk\/?page_id=64"},"modified":"2026-04-28T07:50:48","modified_gmt":"2026-04-28T07:50:48","slug":"spejdertrop","status":"publish","type":"page","link":"https:\/\/verningespejderne.gruppesite.dk\/?page_id=73","title":{"rendered":"Familiespejd"},"content":{"rendered":"<p>INFO om Familiespejd<\/p>\n<p><a href=\"http:\/\/verningespejderne.gruppesite.dk\/wp-content\/uploads\/sites\/95\/2014\/10\/familiespejder_farve_stor.png\"><img loading=\"lazy\" decoding=\"async\" class=\"alignnone wp-image-205\" src=\"http:\/\/verningespejderne.gruppesite.dk\/wp-content\/uploads\/sites\/95\/2014\/10\/familiespejder_farve_stor-300x283.png\" alt=\"familiespejder_farve_stor\" width=\"113\" height=\"107\" srcset=\"https:\/\/verningespejderne.gruppesite.dk\/wp-content\/uploads\/sites\/95\/2014\/10\/familiespejder_farve_stor-300x283.png 300w, https:\/\/verningespejderne.gruppesite.dk\/wp-content\/uploads\/sites\/95\/2014\/10\/familiespejder_farve_stor-1024x966.png 1024w, https:\/\/verningespejderne.gruppesite.dk\/wp-content\/uploads\/sites\/95\/2014\/10\/familiespejder_farve_stor.png 1717w\" sizes=\"auto, (max-width: 113px) 100vw, 113px\" \/><\/a><\/p>\n<p>Familiespejd er tilbuddet for familen med sm\u00e5 b\u00f8rn<\/p>\n<p>En h\u00e5ndfuld gange om \u00e5ret, m\u00f8des man om s\u00f8ndagen i et par timer og leger i skoven.<\/p>\n<p>Ideen med familiespejd er at far, mor og ungerne f\u00e5r nogle sjove ting udend\u00f8rs engang imellem.<\/p>\n<p>Se m\u00f8detiderne under Programmer og sedler Familiespejd.<\/p>\n<p>For interesse omkring familiespejd kontakt :<\/p>\n<p>Jesper p\u00e5 29 72 02 21 eller Terkel_hojstrup@hotmail.com<\/p>\n<p>Vi ses til familiespejd!<\/p>\n","protected":false},"excerpt":{"rendered":"<p>INFO om Familiespejd Familiespejd er tilbuddet for familen med sm\u00e5 b\u00f8rn En h\u00e5ndfuld gange om \u00e5ret, m\u00f8des man om s\u00f8ndagen..<\/p>\n","protected":false},"author":175,"featured_media":0,"parent":62,"menu_order":0,"comment_status":"closed","ping_status":"closed","template":"template\/template_enhed.php","meta":{"ngg_post_thumbnail":0,"footnotes":""},"class_list":["post-73","page","type-page","status-publish","hentry"],"_links":{"self":[{"href":"https:\/\/verningespejderne.gruppesite.dk\/index.php?rest_route=\/wp\/v2\/pages\/73","targetHints":{"allow":["GET"]}}],"collection":[{"href":"https:\/\/verningespejderne.gruppesite.dk\/index.php?rest_route=\/wp\/v2\/pages"}],"about":[{"href":"https:\/\/verningespejderne.gruppesite.dk\/index.php?rest_route=\/wp\/v2\/types\/page"}],"author":[{"embeddable":true,"href":"https:\/\/verningespejderne.gruppesite.dk\/index.php?rest_route=\/wp\/v2\/users\/175"}],"replies":[{"embeddable":true,"href":"https:\/\/verningespejderne.gruppesite.dk\/index.php?rest_route=%2Fwp%2Fv2%2Fcomments&post=73"}],"version-history":[{"count":13,"href":"https:\/\/verningespejderne.gruppesite.dk\/index.php?rest_route=\/wp\/v2\/pages\/73\/revisions"}],"predecessor-version":[{"id":5382,"href":"https:\/\/verningespejderne.gruppesite.dk\/index.php?rest_route=\/wp\/v2\/pages\/73\/revisions\/5382"}],"up":[{"embeddable":true,"href":"https:\/\/verningespejderne.gruppesite.dk\/index.php?rest_route=\/wp\/v2\/pages\/62"}],"wp:attachment":[{"href":"https:\/\/verningespejderne.gruppesite.dk\/index.php?rest_route=%2Fwp%2Fv2%2Fmedia&parent=73"}],"curies":[{"name":"wp","href":"https:\/\/api.w.org\/{rel}","templated":true}]}}