



{"id":72,"date":"2015-01-03T22:19:51","date_gmt":"2015-01-03T22:19:51","guid":{"rendered":"http:\/\/xml.gruppesite.dk\/?page_id=62"},"modified":"2024-01-19T11:02:04","modified_gmt":"2024-01-19T11:02:04","slug":"ulvene","status":"publish","type":"page","link":"https:\/\/verningespejderne.gruppesite.dk\/?page_id=72","title":{"rendered":"Ulvene"},"content":{"rendered":"<p>&nbsp;<\/p>\n<p><a href=\"http:\/\/verningespejderne.gruppesite.dk\/wp-content\/uploads\/sites\/95\/2014\/10\/Dist-turn-2017-b-u-j.jpg\"><img loading=\"lazy\" decoding=\"async\" class=\"alignnone size-medium wp-image-976\" src=\"http:\/\/verningespejderne.gruppesite.dk\/wp-content\/uploads\/sites\/95\/2014\/10\/Dist-turn-2017-b-u-j-300x225.jpg\" alt=\"\" width=\"300\" height=\"225\" srcset=\"https:\/\/verningespejderne.gruppesite.dk\/wp-content\/uploads\/sites\/95\/2014\/10\/Dist-turn-2017-b-u-j-300x225.jpg 300w, https:\/\/verningespejderne.gruppesite.dk\/wp-content\/uploads\/sites\/95\/2014\/10\/Dist-turn-2017-b-u-j.jpg 640w\" sizes=\"auto, (max-width: 300px) 100vw, 300px\" \/><\/a><\/p>\n<p>INFO om Ulvene<\/p>\n<p>Ulvene m\u00f8des hver tirsdag fra kl. 17-18.45<br \/>\nHos ulvene l\u00e6rer man at bruge kniv og f\u00e6rdes i naturen. Vi kigger ogs\u00e5 p\u00e5 dyr og dyrespor, l\u00e6rer om koder og kompas, bygger huler og laver let pionering.<br \/>\nUlvene er inddelt i bander, og hver ulv f\u00e5r sit ulvenavn p\u00e5 et fuldm\u00e5nem\u00f8de.<br \/>\nVi er n\u00e6sten altid udenfor, s\u00e5 det er vigtigt at have t\u00f8j p\u00e5 efter vejret.<\/p>\n<p>Under sedler kan I se det aktuelle program.<\/p>\n<p>Mange hilsner Ulvelederne (Daniel Sch\u00e4rfe &nbsp;24821518, daniel_b_scharfe@hotmail.com)<\/p>\n\n\n<div class=\"wp-block-buttons is-layout-flex wp-block-buttons-is-layout-flex\">\n<div class=\"wp-block-button\"><a class=\"wp-block-button__link wp-element-button\" href=\"https:\/\/motivu.dk\/klubber\/19846\/kfum-spejderne-verninge\/traeninger\/8745\/baeverne-ulvene-0-3-klasse\" target=\"_blank\" rel=\"noreferrer noopener\">Tilmeld dig en gratis pr\u00f8vetime<\/a><\/div>\n<\/div>\n","protected":false},"excerpt":{"rendered":"<p>&nbsp; INFO om Ulvene Ulvene m\u00f8des hver tirsdag fra kl. 17-18.45 Hos ulvene l\u00e6rer man at bruge kniv og f\u00e6rdes..<\/p>\n","protected":false},"author":175,"featured_media":0,"parent":62,"menu_order":2,"comment_status":"closed","ping_status":"closed","template":"template\/template_enhed.php","meta":{"ngg_post_thumbnail":0,"footnotes":""},"class_list":["post-72","page","type-page","status-publish","hentry"],"_links":{"self":[{"href":"https:\/\/verningespejderne.gruppesite.dk\/index.php?rest_route=\/wp\/v2\/pages\/72","targetHints":{"allow":["GET"]}}],"collection":[{"href":"https:\/\/verningespejderne.gruppesite.dk\/index.php?rest_route=\/wp\/v2\/pages"}],"about":[{"href":"https:\/\/verningespejderne.gruppesite.dk\/index.php?rest_route=\/wp\/v2\/types\/page"}],"author":[{"embeddable":true,"href":"https:\/\/verningespejderne.gruppesite.dk\/index.php?rest_route=\/wp\/v2\/users\/175"}],"replies":[{"embeddable":true,"href":"https:\/\/verningespejderne.gruppesite.dk\/index.php?rest_route=%2Fwp%2Fv2%2Fcomments&post=72"}],"version-history":[{"count":9,"href":"https:\/\/verningespejderne.gruppesite.dk\/index.php?rest_route=\/wp\/v2\/pages\/72\/revisions"}],"predecessor-version":[{"id":4763,"href":"https:\/\/verningespejderne.gruppesite.dk\/index.php?rest_route=\/wp\/v2\/pages\/72\/revisions\/4763"}],"up":[{"embeddable":true,"href":"https:\/\/verningespejderne.gruppesite.dk\/index.php?rest_route=\/wp\/v2\/pages\/62"}],"wp:attachment":[{"href":"https:\/\/verningespejderne.gruppesite.dk\/index.php?rest_route=%2Fwp%2Fv2%2Fmedia&parent=72"}],"curies":[{"name":"wp","href":"https:\/\/api.w.org\/{rel}","templated":true}]}}