



{"id":62,"date":"2014-10-14T15:46:31","date_gmt":"2014-10-14T15:46:31","guid":{"rendered":"http:\/\/xml.gruppesite.dk\/?page_id=38"},"modified":"2015-02-24T13:24:39","modified_gmt":"2015-02-24T13:24:39","slug":"enhederne","status":"publish","type":"page","link":"https:\/\/verningespejderne.gruppesite.dk\/?page_id=62","title":{"rendered":"Enhederne"},"content":{"rendered":"<p>Klik p\u00e5 enheder som du \u00f8nsker at l\u00e6ser mere om.<\/p>\n<p><a href=\"http:\/\/verningespejderne.gruppesite.dk\/?page_id=73\"><img loading=\"lazy\" decoding=\"async\" class=\"alignnone wp-image-205\" src=\"http:\/\/verningespejderne.gruppesite.dk\/wp-content\/uploads\/sites\/95\/2014\/10\/familiespejder_farve_stor-300x283.png\" alt=\"familiespejder_farve_stor\" width=\"115\" height=\"109\" srcset=\"https:\/\/verningespejderne.gruppesite.dk\/wp-content\/uploads\/sites\/95\/2014\/10\/familiespejder_farve_stor-300x283.png 300w, https:\/\/verningespejderne.gruppesite.dk\/wp-content\/uploads\/sites\/95\/2014\/10\/familiespejder_farve_stor-1024x966.png 1024w, https:\/\/verningespejderne.gruppesite.dk\/wp-content\/uploads\/sites\/95\/2014\/10\/familiespejder_farve_stor.png 1717w\" sizes=\"auto, (max-width: 115px) 100vw, 115px\" \/><\/a><a href=\"http:\/\/verningespejderne.gruppesite.dk\/?page_id=83\"><img loading=\"lazy\" decoding=\"async\" class=\"alignnone wp-image-196\" title=\"B\u00e6ver\" src=\"http:\/\/verningespejderne.gruppesite.dk\/wp-content\/uploads\/sites\/95\/2014\/10\/baever_net.gif\" alt=\"baever_net\" width=\"150\" height=\"97\" \/><\/a><a href=\"http:\/\/verningespejderne.gruppesite.dk\/?page_id=72\"><img loading=\"lazy\" decoding=\"async\" class=\"alignnone wp-image-192\" title=\"Ulv\" src=\"http:\/\/verningespejderne.gruppesite.dk\/wp-content\/uploads\/sites\/95\/2014\/10\/ulv_net.gif\" alt=\"ulv_net\" width=\"150\" height=\"97\" \/><\/a><a href=\"http:\/\/verningespejderne.gruppesite.dk\/?page_id=85\"><img loading=\"lazy\" decoding=\"async\" class=\"alignnone wp-image-203\" src=\"http:\/\/verningespejderne.gruppesite.dk\/wp-content\/uploads\/sites\/95\/2014\/10\/junior_net.gif\" alt=\"junior_net\" width=\"150\" height=\"97\" \/><\/a><\/p>\n<p>&nbsp;<\/p>\n<p style=\"padding-left: 30px;\">\u00a0<a href=\"http:\/\/verningespejderne.gruppesite.dk\/?page_id=89\"><img loading=\"lazy\" decoding=\"async\" class=\"alignnone wp-image-197\" title=\"Spejder\" src=\"http:\/\/verningespejderne.gruppesite.dk\/wp-content\/uploads\/sites\/95\/2014\/10\/spejder_net.gif\" alt=\"spejder_net\" width=\"150\" height=\"97\" \/><\/a><a href=\"http:\/\/verningespejderne.gruppesite.dk\/?page_id=91\"><img loading=\"lazy\" decoding=\"async\" class=\"alignnone wp-image-201\" src=\"http:\/\/verningespejderne.gruppesite.dk\/wp-content\/uploads\/sites\/95\/2014\/10\/senior_net.gif\" alt=\"senior_net\" width=\"150\" height=\"97\" \/><\/a><a href=\"http:\/\/verningespejderne.gruppesite.dk\/?page_id=93\"><img loading=\"lazy\" decoding=\"async\" class=\"alignnone wp-image-202\" src=\"http:\/\/verningespejderne.gruppesite.dk\/wp-content\/uploads\/sites\/95\/2014\/10\/rover_net.gif\" alt=\"rover_net\" width=\"150\" height=\"97\" \/><\/a><\/p>\n","protected":false},"excerpt":{"rendered":"<p>Klik p\u00e5 enheder som du \u00f8nsker at l\u00e6ser mere om. &nbsp; \u00a0<\/p>\n","protected":false},"author":175,"featured_media":0,"parent":0,"menu_order":0,"comment_status":"closed","ping_status":"open","template":"template\/template_fullwidth.php","meta":{"ngg_post_thumbnail":0,"footnotes":""},"class_list":["post-62","page","type-page","status-publish","hentry"],"_links":{"self":[{"href":"https:\/\/verningespejderne.gruppesite.dk\/index.php?rest_route=\/wp\/v2\/pages\/62","targetHints":{"allow":["GET"]}}],"collection":[{"href":"https:\/\/verningespejderne.gruppesite.dk\/index.php?rest_route=\/wp\/v2\/pages"}],"about":[{"href":"https:\/\/verningespejderne.gruppesite.dk\/index.php?rest_route=\/wp\/v2\/types\/page"}],"author":[{"embeddable":true,"href":"https:\/\/verningespejderne.gruppesite.dk\/index.php?rest_route=\/wp\/v2\/users\/175"}],"replies":[{"embeddable":true,"href":"https:\/\/verningespejderne.gruppesite.dk\/index.php?rest_route=%2Fwp%2Fv2%2Fcomments&post=62"}],"version-history":[{"count":14,"href":"https:\/\/verningespejderne.gruppesite.dk\/index.php?rest_route=\/wp\/v2\/pages\/62\/revisions"}],"predecessor-version":[{"id":217,"href":"https:\/\/verningespejderne.gruppesite.dk\/index.php?rest_route=\/wp\/v2\/pages\/62\/revisions\/217"}],"wp:attachment":[{"href":"https:\/\/verningespejderne.gruppesite.dk\/index.php?rest_route=%2Fwp%2Fv2%2Fmedia&parent=62"}],"curies":[{"name":"wp","href":"https:\/\/api.w.org\/{rel}","templated":true}]}}