



{"id":61,"date":"2014-10-14T15:44:53","date_gmt":"2014-10-14T15:44:53","guid":{"rendered":"http:\/\/xml.gruppesite.dk\/?page_id=34"},"modified":"2026-03-02T08:21:38","modified_gmt":"2026-03-02T08:21:38","slug":"forsiden","status":"publish","type":"page","link":"https:\/\/verningespejderne.gruppesite.dk\/","title":{"rendered":"Verningespejderne"},"content":{"rendered":"<div class=\"theme_header\">\n<p><strong style=\"font-size: revert;color: initial\">Har du lyst til at pr\u00f8ve spejderlivet , s\u00e5 er du velkommen, vi er i Fredrikslundhytten Solevadvej 3, 5690 Tommerup hver tirsdag !<\/strong><\/p>\n<\/div>\n<div class=\"theme_header\">\n<p><strong>Se yderligere for hver enkelt \u00e5rgang, under programmer og sedler&nbsp; &nbsp; &nbsp; &nbsp; &nbsp; &nbsp; &nbsp; &nbsp; &nbsp; &nbsp; &nbsp; &nbsp; &nbsp; &nbsp; &nbsp; &nbsp; &nbsp; &nbsp; &nbsp; &nbsp; &nbsp; &nbsp; &nbsp; &nbsp; &nbsp; &nbsp; &nbsp; &nbsp;&nbsp;<\/strong><\/p>\n<\/div>\n<p><strong>0-3 klasse fra 17.00 til 18.45 (b\u00e6ver og ulve)<\/strong><\/p>\n<p><strong>4-5 klasse fra 18.30-20.00 (juniorer)<\/strong><\/p>\n<p><strong>6 og opefter fra 19.00 til 21.00 (spejder og Seniorer)<\/strong><\/p>\n<p><strong>10 kl + hver tredie torsdag i m\u00e5neden (se under programmer og sedler klan)<\/strong><\/p>\n<p><strong>Vi gl\u00e6der os til at se jer&nbsp;<\/strong><\/p>\n<div class=\"theme_header\">\n<p><strong>Gruppeleder Vivi H\u00f8strup (21482572)<\/strong><\/p>\n<p><span style=\"color: #ff00ff\"><strong>SE vores fine film om Verningespejderne<\/strong><\/span> :<a href=\"https:\/\/galleri.lasseskov.dk\/foreningsfilmassenskommune\/verningespejderene\/\">Foreningsfilm Assens Kommune by Skov foto &amp; film<\/a><\/p>\n<\/div>\n\n\n\n<p><strong>Det er nu muligt at st\u00f8tte KFUM Spejderne Verninge igennem Energi fyn : <\/strong><\/p>\n<p><a href=\"https:\/\/www.energifyn.dk\/privat\/el\/fynsksupportel\/?term=verningespejderne\">FynskSupportEl | St\u00f8t din lokale forening ved k\u00f8b af el (energifyn.dk)<\/a><\/p>\n<p>&nbsp;<\/p>\n<div class=\"theme_header\">\n<h2>Tank penge til spejderne med OK Benzin App!<\/h2>\n<\/div>\n<div class=\"bodyText theme_contentWrap\">\n<h4><a title=\"OK Benzinaftale\" href=\"https:\/\/www.ob-ik.dk\/om-klubben\/sponsorer\/ok-benzinaftale\/\" data-udi=\"umb:\/\/document\/4419b62334664e0eb8a618ff416a3fd7\"><img decoding=\"async\" src=\"https:\/\/www.ob-ik.dk\/media\/1175\/ok_benzin.jpg?width=289&amp;height=174\" alt=\"\" data-udi=\"umb:\/\/media\/b301be775ede4a2ab4388f531a10d34a\"><\/a><\/h4>\n<p>F\u00e5 et OK Benzinkort eller download deres app og f\u00e5 adgang til billig benzin og diesel mens du st\u00f8tter Spejderne!&nbsp;<\/p>\n<p>Det tager mindre end 5 minutter at komme i gang.<\/p>\n<p><strong>S\u00e5dan g\u00f8r du:<\/strong><br \/>&#8211;&nbsp;<a href=\"https:\/\/apps.apple.com\/dk\/app\/ok-appen-tank-og-betal\/id529445282?utm_source=website&amp;utm_medium=page&amp;utm_campaign=ok_benzinkort\">Download OK Benzin App&#8217;en<\/a><br \/>&#8211; Opret en ny konto (eller login med en eksisterende konto hvis du allerede har et OK Benzinkort)<br \/>&#8211; G\u00e5 ind under menuen &#8220;Mig&#8221;<br \/>&#8211; Klik p\u00e5 &#8220;Sponsorst\u00f8tte&#8221;<br \/>&#8211; S\u00f8g efter &#8220;Verningespejderne&#8221;<\/p>\n<p>Det er vigtigt at du v\u00e6lger Verningespejderne da dette sikrer at din st\u00f8tte havner det rigtige sted.<\/p>\n<p><strong>Har du allerede et OK Benzinkort, kan du ogs\u00e5 tanke penge til klubben:<\/strong><br \/>&#8211; Du kan henvende dig direkte til OK p\u00e5&nbsp;<a href=\"mailto:sponsormateriale@ok.dk\">sponsormateriale@ok.dk<\/a>, som s\u00e5 vil&nbsp;tilknytte dit kort til OB&amp;IK&#8217;s sponsoraftale.<\/p>\n<p><strong>Vigtigt! verningespejdernes&#8217;s sponsor nr. ved OK:&nbsp; 56 02 34<\/strong><\/p>\n<p><a href=\"https:\/\/apps.apple.com\/dk\/app\/ok-appen-tank-og-betal\/id529445282?utm_source=website&amp;utm_medium=forside&amp;utm_campaign=ok_benzinkort\">Download OK Benzin App&#8217;en<\/a><\/p>\n<\/div>\n<p><strong>I er altid velkommern forbi Fredrikslundhytten en tirsdag eller kontakt os p\u00e5 29228835 Spejderhilsen Vivi H\u00f8strup<\/strong><\/p>\n\n\n<p>Sommerlejr altid uge 28. medmindre det er en stor lejr for hele dk:<\/p>\n\n\n\n<figure class=\"wp-block-image size-full\"><img loading=\"lazy\" decoding=\"async\" width=\"550\" height=\"87\" src=\"https:\/\/verningespejderne.gruppesite.dk\/wp-content\/uploads\/sites\/95\/2025\/02\/image-1.png\" alt=\"\" class=\"wp-image-5149\" srcset=\"https:\/\/verningespejderne.gruppesite.dk\/wp-content\/uploads\/sites\/95\/2025\/02\/image-1.png 550w, https:\/\/verningespejderne.gruppesite.dk\/wp-content\/uploads\/sites\/95\/2025\/02\/image-1-300x47.png 300w\" sizes=\"auto, (max-width: 550px) 100vw, 550px\" \/><\/figure>\n\n\n\n<p><\/p>\n","protected":false},"excerpt":{"rendered":"<p>Har du lyst til at pr\u00f8ve spejderlivet , s\u00e5 er du velkommen, vi er i Fredrikslundhytten Solevadvej 3, 5690 Tommerup..<\/p>\n","protected":false},"author":175,"featured_media":0,"parent":0,"menu_order":0,"comment_status":"closed","ping_status":"closed","template":"","meta":{"ngg_post_thumbnail":0,"footnotes":""},"class_list":["post-61","page","type-page","status-publish","hentry"],"_links":{"self":[{"href":"https:\/\/verningespejderne.gruppesite.dk\/index.php?rest_route=\/wp\/v2\/pages\/61","targetHints":{"allow":["GET"]}}],"collection":[{"href":"https:\/\/verningespejderne.gruppesite.dk\/index.php?rest_route=\/wp\/v2\/pages"}],"about":[{"href":"https:\/\/verningespejderne.gruppesite.dk\/index.php?rest_route=\/wp\/v2\/types\/page"}],"author":[{"embeddable":true,"href":"https:\/\/verningespejderne.gruppesite.dk\/index.php?rest_route=\/wp\/v2\/users\/175"}],"replies":[{"embeddable":true,"href":"https:\/\/verningespejderne.gruppesite.dk\/index.php?rest_route=%2Fwp%2Fv2%2Fcomments&post=61"}],"version-history":[{"count":211,"href":"https:\/\/verningespejderne.gruppesite.dk\/index.php?rest_route=\/wp\/v2\/pages\/61\/revisions"}],"predecessor-version":[{"id":5381,"href":"https:\/\/verningespejderne.gruppesite.dk\/index.php?rest_route=\/wp\/v2\/pages\/61\/revisions\/5381"}],"wp:attachment":[{"href":"https:\/\/verningespejderne.gruppesite.dk\/index.php?rest_route=%2Fwp%2Fv2%2Fmedia&parent=61"}],"curies":[{"name":"wp","href":"https:\/\/api.w.org\/{rel}","templated":true}]}}