



{"id":161,"date":"2015-01-20T09:25:02","date_gmt":"2015-01-20T09:25:02","guid":{"rendered":"http:\/\/verningespejderne.gruppesite.dk\/?page_id=161"},"modified":"2026-04-14T10:08:26","modified_gmt":"2026-04-14T10:08:26","slug":"grupperaadet","status":"publish","type":"page","link":"https:\/\/verningespejderne.gruppesite.dk\/?page_id=161","title":{"rendered":"Grupper\u00e5det"},"content":{"rendered":"<p><strong>R\u00e5dsm\u00f8der 2025\/2026:<\/strong><\/p>\n<p>18 august kl. 18-21<\/p>\n<p>12 november kl. 19-21<\/p>\n<p>12 jan 2025 kl. 19-21<\/p>\n<p>Nyt\u00e5rsparade og generalforsamling&nbsp; D. 1 Marts. 2026<\/p>\n<table style=\"height: 1108px\" width=\"847\">\n<tbody>\n<tr>\n<td width=\"211\"><strong>Grupper\u00e5dsformand :<\/strong><\/td>\n<td width=\"165\"><strong>Kasser:<\/strong><\/td>\n<td width=\"209\"><strong>Gruppeleder<\/strong><\/td>\n<td width=\"165\">&nbsp;<\/td>\n<td width=\"53\">&nbsp;<\/td>\n<\/tr>\n<tr>\n<td width=\"211\">Steffen PlogHjelmerupvej 48 5690 Tommerup Hjelmerup<\/p>\n<p>Mail:stefploug@msn.com<\/p>\n<p>Tlf: 20622714<\/td>\n<td width=\"165\">Tina J\u00f8rgensen Bregnemosevej 14&nbsp;&nbsp;&nbsp;&nbsp;&nbsp;&nbsp;5690 Tommerup LangstedTlf. 20779521<\/p>\n<p>Mail:tikragh@gmail.com<\/td>\n<td width=\"209\">Vivi H\u00f8strupH\u00f8jrupgyden 16 5690 Tommerup Langsted<\/p>\n<p>Tlf. 29228835<\/p>\n<p>Mail.jv_hoestrup@mail.tele.d<\/td>\n<td width=\"165\">&nbsp;<\/td>\n<td width=\"53\">&nbsp;<\/td>\n<\/tr>\n<tr>\n<td width=\"211\"><strong>Grupper\u00e5d:<\/strong><\/td>\n<td width=\"165\">&nbsp;<\/td>\n<td width=\"209\">&nbsp;<\/td>\n<td width=\"165\">&nbsp;<\/td>\n<td width=\"53\">&nbsp;<\/td>\n<\/tr>\n<tr>\n<td width=\"211\">S\u00f8ren L\u00e6saaKrengerupvej 139<\/p>\n<p>N\u00e5rup<br \/>\nMail: <a id=\"o_field_input_405\" href=\"mailto:leesaa@gmail.com\">leesaa@gmail.com<\/a>&nbsp; Tlf. 27694620<\/td>\n<td width=\"165\">Kim HansenSt\u00e5byvej 36 5672 Broby<\/p>\n<p>Mail:Kimryhansen@hotmail.com<\/p>\n<p>Tlf: <a id=\"o_field_input_404\" class=\"o_field_phone o_field_widget o_form_uri\" href=\"tel:28407521\" name=\"mobile\">28407521<\/a><\/td>\n<td width=\"209\">Jeannie S\u00f8s Rodam&nbsp;&nbsp;Egevej 6 5620 Glamsbjerg<\/p>\n<p>Mail:Jeannie.holmqvist@gmail.com&nbsp;<\/p>\n<p>Tlf: 60140582<\/td>\n<td width=\"165\">&nbsp;<\/td>\n<td width=\"53\">&nbsp;<\/td>\n<\/tr>\n<tr>\n<td width=\"211\">&nbsp;<\/td>\n<td width=\"165\">&nbsp;<\/td>\n<td width=\"209\">Supleant:<\/td>\n<td width=\"165\">&nbsp;<\/td>\n<td width=\"53\">&nbsp;<\/td>\n<\/tr>\n<tr>\n<td width=\"211\">Johan ElverskjoldNy Vestergade 48<\/p>\n<p>5672 Broby<\/p>\n<p>Mail:johanbrix@gmail.com<\/p>\n<p>Tlf: 51764327<\/td>\n<td width=\"165\">Joan Rasmussen&nbsp;Odensevej 42<\/p>\n<p>5690 Tommerup<\/p>\n<p>Mail: <a href=\"mailto:joancr@ofir.dk\">joancr@ofir.dk<\/a><\/p>\n<p>Tlf: 27 21 19 12<\/td>\n<td width=\"209\">Christina Sk\u00f8tt-ChristensenTrolles\u00f8vej 12 5610 Assens<\/p>\n<p>Mail: ChrisKORS@yahoo.dk<\/p>\n<p>TLF:<\/p>\n<table class=\"o_group o_inner_group o_group_col_6\">\n<tbody>\n<tr>\n<td>\n<div class=\"o_row\"><a id=\"o_field_input_1304\" class=\"o_field_phone o_field_widget o_form_uri\" href=\"tel:20466162\" name=\"mobile\">20466162<\/a><\/div>\n<\/td>\n<\/tr>\n<\/tbody>\n<\/table>\n<\/td>\n<td width=\"165\">&nbsp;<\/td>\n<td width=\"53\">&nbsp;<\/td>\n<\/tr>\n<tr>\n<td width=\"211\"><strong>Revisorer:<\/strong><\/td>\n<td width=\"165\">&nbsp;<strong>Gruppeassistent<\/strong><\/td>\n<td width=\"209\">&nbsp;<\/td>\n<td width=\"165\">&nbsp;<\/td>\n<td width=\"53\">&nbsp;<\/td>\n<\/tr>\n<tr>\n<td width=\"211\">Marianne J\u00f8rgensenSt\u00e5byvej 295672 BrobyMail:&nbsp;Tlf: 51904630<\/td>\n<td width=\"165\">Daniel Sch\u00e4rfe&nbsp;Kildemaen 1 5690<\/p>\n<p>Tommerup Brylle<\/p>\n<p>Tlf.24821518<\/p>\n<p>Mail:daniel_b_scharfe@hotmail.com<\/p>\n<p>&nbsp;<\/td>\n<td width=\"209\">&nbsp;<\/td>\n<td width=\"165\">&nbsp;<\/td>\n<td width=\"53\">&nbsp;<\/td>\n<\/tr>\n<\/tbody>\n<\/table>\n<p>&nbsp;<\/p>\n<p>&nbsp;<\/p>\n<p>&nbsp;<\/p>\n","protected":false},"excerpt":{"rendered":"<p>R\u00e5dsm\u00f8der 2025\/2026: 18 august kl. 18-21 12 november kl. 19-21 12 jan 2025 kl. 19-21 Nyt\u00e5rsparade og generalforsamling&nbsp; D. 1..<\/p>\n","protected":false},"author":175,"featured_media":0,"parent":68,"menu_order":0,"comment_status":"closed","ping_status":"closed","template":"","meta":{"ngg_post_thumbnail":0,"footnotes":""},"class_list":["post-161","page","type-page","status-publish","hentry"],"_links":{"self":[{"href":"https:\/\/verningespejderne.gruppesite.dk\/index.php?rest_route=\/wp\/v2\/pages\/161","targetHints":{"allow":["GET"]}}],"collection":[{"href":"https:\/\/verningespejderne.gruppesite.dk\/index.php?rest_route=\/wp\/v2\/pages"}],"about":[{"href":"https:\/\/verningespejderne.gruppesite.dk\/index.php?rest_route=\/wp\/v2\/types\/page"}],"author":[{"embeddable":true,"href":"https:\/\/verningespejderne.gruppesite.dk\/index.php?rest_route=\/wp\/v2\/users\/175"}],"replies":[{"embeddable":true,"href":"https:\/\/verningespejderne.gruppesite.dk\/index.php?rest_route=%2Fwp%2Fv2%2Fcomments&post=161"}],"version-history":[{"count":45,"href":"https:\/\/verningespejderne.gruppesite.dk\/index.php?rest_route=\/wp\/v2\/pages\/161\/revisions"}],"predecessor-version":[{"id":5417,"href":"https:\/\/verningespejderne.gruppesite.dk\/index.php?rest_route=\/wp\/v2\/pages\/161\/revisions\/5417"}],"up":[{"embeddable":true,"href":"https:\/\/verningespejderne.gruppesite.dk\/index.php?rest_route=\/wp\/v2\/pages\/68"}],"wp:attachment":[{"href":"https:\/\/verningespejderne.gruppesite.dk\/index.php?rest_route=%2Fwp%2Fv2%2Fmedia&parent=161"}],"curies":[{"name":"wp","href":"https:\/\/api.w.org\/{rel}","templated":true}]}}