



{"id":115,"date":"2015-01-20T08:23:25","date_gmt":"2015-01-20T08:23:25","guid":{"rendered":"http:\/\/verningespejderne.gruppesite.dk\/?page_id=115"},"modified":"2026-04-20T08:42:52","modified_gmt":"2026-04-20T08:42:52","slug":"familiespejd","status":"publish","type":"page","link":"https:\/\/verningespejderne.gruppesite.dk\/?page_id=115","title":{"rendered":"Familiespejd"},"content":{"rendered":"<p><strong>Familiespejd for de 3-6 \u00e5rrige.<\/strong><\/p>\n<p><strong>Nye datoer for 2026 1.halv\u00e5r nu tilg\u00e6ngelige:<\/strong><\/p>\n<ul>\n<li>1 marts Verninge gruppes nyt\u00e5rsparade <a href=\"http:\/\/verningespejderne.gruppesite.dk\/wp-content\/uploads\/sites\/95\/2026\/02\/nytaarsparade2026.doc\">nyt\u00e5rsparade2026<\/a><\/li>\n<li>15 marts i hytten<\/li>\n<li>19 april i hytten<\/li>\n<li>15 maj p\u00e5 bes\u00f8g p\u00e5 b\u00e6ver og ulve sommerlejr V. F\u00f8ns<\/li>\n<li>Tilmelding til bes\u00f8g p\u00e5 b\u00e6ver og ulves sommerlejr <a href=\"http:\/\/verningespejderne.gruppesite.dk\/wp-content\/uploads\/sites\/95\/2026\/04\/Sommerlejr-2026-familiespejd.pdf\">Sommerlejr-2026-familiespejd<\/a><\/li>\n<li>7 juni 10-12 i hytten<\/li>\n<\/ul>\n<div dir=\"auto\">&nbsp;<\/div>\n<p>Hytten:&nbsp; solevdvej 3 5690 Tommerup<\/p>\n<p><img loading=\"lazy\" decoding=\"async\" class=\"alignnone  wp-image-3177\" src=\"http:\/\/verningespejderne.gruppesite.dk\/wp-content\/uploads\/sites\/95\/2021\/03\/Familiespejd-Anna-300x195.png\" alt=\"\" width=\"300\" height=\"195\" srcset=\"https:\/\/verningespejderne.gruppesite.dk\/wp-content\/uploads\/sites\/95\/2021\/03\/Familiespejd-Anna-300x195.png 300w, https:\/\/verningespejderne.gruppesite.dk\/wp-content\/uploads\/sites\/95\/2021\/03\/Familiespejd-Anna.png 643w\" sizes=\"auto, (max-width: 300px) 100vw, 300px\" \/><\/p>\n<p><strong>Ved ? &nbsp;kontakt Jesper<br \/>\n<\/strong><\/p>\n<p>Jesper p\u00e5 29 72 02 21 eller Terkel_hojstrup@hotmail.com<\/p>\n<p>Sedler:<\/p>\n<p>&nbsp;<\/p>\n<p>&nbsp;<\/p>\n<p>&nbsp;<\/p>\n<p>&nbsp;<\/p>\n","protected":false},"excerpt":{"rendered":"<p>Familiespejd for de 3-6 \u00e5rrige. Nye datoer for 2026 1.halv\u00e5r nu tilg\u00e6ngelige: 1 marts Verninge gruppes nyt\u00e5rsparade nyt\u00e5rsparade2026 15 marts..<\/p>\n","protected":false},"author":175,"featured_media":0,"parent":2,"menu_order":1,"comment_status":"closed","ping_status":"closed","template":"","meta":{"ngg_post_thumbnail":0,"footnotes":""},"class_list":["post-115","page","type-page","status-publish","hentry"],"_links":{"self":[{"href":"https:\/\/verningespejderne.gruppesite.dk\/index.php?rest_route=\/wp\/v2\/pages\/115","targetHints":{"allow":["GET"]}}],"collection":[{"href":"https:\/\/verningespejderne.gruppesite.dk\/index.php?rest_route=\/wp\/v2\/pages"}],"about":[{"href":"https:\/\/verningespejderne.gruppesite.dk\/index.php?rest_route=\/wp\/v2\/types\/page"}],"author":[{"embeddable":true,"href":"https:\/\/verningespejderne.gruppesite.dk\/index.php?rest_route=\/wp\/v2\/users\/175"}],"replies":[{"embeddable":true,"href":"https:\/\/verningespejderne.gruppesite.dk\/index.php?rest_route=%2Fwp%2Fv2%2Fcomments&post=115"}],"version-history":[{"count":64,"href":"https:\/\/verningespejderne.gruppesite.dk\/index.php?rest_route=\/wp\/v2\/pages\/115\/revisions"}],"predecessor-version":[{"id":5423,"href":"https:\/\/verningespejderne.gruppesite.dk\/index.php?rest_route=\/wp\/v2\/pages\/115\/revisions\/5423"}],"up":[{"embeddable":true,"href":"https:\/\/verningespejderne.gruppesite.dk\/index.php?rest_route=\/wp\/v2\/pages\/2"}],"wp:attachment":[{"href":"https:\/\/verningespejderne.gruppesite.dk\/index.php?rest_route=%2Fwp%2Fv2%2Fmedia&parent=115"}],"curies":[{"name":"wp","href":"https:\/\/api.w.org\/{rel}","templated":true}]}}